{"id":5102,"date":"2023-05-03T12:31:48","date_gmt":"2023-05-03T10:31:48","guid":{"rendered":"https:\/\/www.e-poles.com\/?page_id=5102"},"modified":"2023-05-31T12:22:03","modified_gmt":"2023-05-31T10:22:03","slug":"gabel-epoles-fit-progetto","status":"publish","type":"page","link":"https:\/\/www.e-poles.com\/en\/gabel-epoles-fit-progetto\/","title":{"rendered":"Gabel e-poles fit_il progetto"},"content":{"rendered":"<div class=\"wpb-content-wrapper\"><div class=\"vc_row wpb_row vc_row-fluid vc_custom_1683114477890\" ><div class=\"wpb_column vc_column_container vc_col-sm-12\"><div class=\"vc_column-inner vc_custom_1568721871801\"><div class=\"wpb_wrapper\"><h3 style=\"text-align: center;font-family:Ropa Sans;font-weight:400;font-style:normal\" class=\"vc_custom_heading vc_do_custom_heading\" >Gabel e-poles fit unisce le esigenze dei tuoi potenziali clienti alle tendenze outdoor del momento: aderisci anche tu al progetto a rischio zero<\/h3>\n\t<div class=\"wpb_text_column wpb_content_element\" >\n\t\t<div class=\"wpb_wrapper\">\n\t\t\t<p style=\"text-align: center;\"><span style=\"color: black;\">Gabel e-poles fit \u00e8 il programma di digital outdoor che, grazie ad una nuova tecnologia <em>Made in Italy<\/em>, offre protocolli mirati alle esigenze dei tuoi utenti e la possibilit\u00e0 di utilizzare strumenti all\u2019avanguardia per un\u2019attivit\u00e0 all\u2019aperto innovativa.<\/span><\/p>\n<p>&nbsp;<\/p>\n<p style=\"text-align: center; color: black; font-size: 20px;\"><strong>Il centro Fitness avr\u00e0 la possibilit\u00e0 di avere specialisti al proprio fianco per testare l\u2019attivit\u00e0 senza alcun investimento.<\/strong><\/p>\n\n\t\t<\/div>\n\t<\/div>\n<\/div><\/div><\/div><\/div><div class=\"vc_row wpb_row vc_row-fluid vc_custom_1683121336128\" ><div class=\"wpb_column vc_column_container vc_col-sm-12\"><div class=\"vc_column-inner vc_custom_1568721871801\"><div class=\"wpb_wrapper\"><h3 style=\"text-align: center;font-family:Ropa Sans;font-weight:400;font-style:normal\" class=\"vc_custom_heading vc_do_custom_heading\" >Nessun rischio per il club<\/h3>\n\t<div class=\"wpb_text_column wpb_content_element\" >\n\t\t<div class=\"wpb_wrapper\">\n\t\t\t<p style=\"text-align: center;\"><span style=\"color: black;\">Il centro fitness avr\u00e0 la possibilit\u00e0 di ricevere tutto il materiale e la formazione a costo zero per 50 giorni e potr\u00e0 tenere tutto ci\u00f2 che verr\u00e0 guadagnato. Solo al termine del progetto potr\u00e0 scegliere, se soddisfatto, di continuare e acquistare il kit, diventando un corner Gabel e-poles fit.<\/span><\/p>\n\n\t\t<\/div>\n\t<\/div>\n<\/div><\/div><\/div><\/div>\n<\/div>","protected":false},"excerpt":{"rendered":"Gabel e-poles fit unisce le esigenze dei tuoi potenziali clienti alle tendenze outdoor del momento: aderisci anche tu al progetto a rischio zero Gabel e-poles fit \u00e8 il programma di digital outdoor che, grazie ad una nuova tecnologia Made in Italy, offre protocolli mirati alle esigenze dei tuoi utenti e la [...]","protected":false},"author":3,"featured_media":0,"parent":0,"menu_order":0,"comment_status":"closed","ping_status":"closed","template":"full-width.php","meta":{"footnotes":""},"class_list":["post-5102","page","type-page","status-publish","hentry"],"_links":{"self":[{"href":"https:\/\/www.e-poles.com\/en\/wp-json\/wp\/v2\/pages\/5102","targetHints":{"allow":["GET"]}}],"collection":[{"href":"https:\/\/www.e-poles.com\/en\/wp-json\/wp\/v2\/pages"}],"about":[{"href":"https:\/\/www.e-poles.com\/en\/wp-json\/wp\/v2\/types\/page"}],"author":[{"embeddable":true,"href":"https:\/\/www.e-poles.com\/en\/wp-json\/wp\/v2\/users\/3"}],"replies":[{"embeddable":true,"href":"https:\/\/www.e-poles.com\/en\/wp-json\/wp\/v2\/comments?post=5102"}],"version-history":[{"count":93,"href":"https:\/\/www.e-poles.com\/en\/wp-json\/wp\/v2\/pages\/5102\/revisions"}],"predecessor-version":[{"id":5266,"href":"https:\/\/www.e-poles.com\/en\/wp-json\/wp\/v2\/pages\/5102\/revisions\/5266"}],"wp:attachment":[{"href":"https:\/\/www.e-poles.com\/en\/wp-json\/wp\/v2\/media?parent=5102"}],"curies":[{"name":"wp","href":"https:\/\/api.w.org\/{rel}","templated":true}]}}